{"id":35,"date":"2026-04-04T09:52:04","date_gmt":"2026-04-04T09:52:04","guid":{"rendered":"https:\/\/jzmezi.lv\/wordpress\/index.php\/pakalpojumi\/"},"modified":"2026-04-04T10:09:06","modified_gmt":"2026-04-04T10:09:06","slug":"pakalpojumi","status":"publish","type":"page","link":"https:\/\/jzmezi.lv\/wordpress\/index.php\/pakalpojumi\/","title":{"rendered":"Pakalpojumi"},"content":{"rendered":"\n<div class=\"wp-block-group alignfull has-background is-layout-flow wp-block-group-is-layout-flow\" style=\"background-color:#f5eac1;padding-top:6vw;padding-right:6vw;padding-bottom:6vw;padding-left:6vw\">\n<div class=\"wp-block-group is-vertical is-nowrap is-layout-flex wp-container-core-group-is-layout-36fd9ea3 wp-block-group-is-layout-flex\" style=\"padding-right:0;padding-left:0\">\n<h6 class=\"wp-block-heading has-text-color\" id=\"ecosystem\" style=\"color:#000000;font-size:clamp(14px, 0.875rem + ((1vw - 3.2px) * 0.196), 16px);\">PAVEIKSIM<\/h6>\n\n\n\n<p class=\"has-text-color\" style=\"color:#000000;font-size:6vw;font-style:normal;font-weight:700;letter-spacing:0px;line-height:0.9;text-decoration:none;text-transform:none\">\u012apa\u0161umu sakop\u0161ana.<\/p>\n<\/div>\n\n\n\n<div style=\"height:1vw\" aria-hidden=\"true\" class=\"wp-block-spacer\"><\/div>\n\n\n\n<div class=\"wp-block-group alignwide is-vertical is-nowrap is-layout-flex wp-container-core-group-is-layout-7946b6b8 wp-block-group-is-layout-flex\" style=\"padding-top:0;padding-right:0;padding-bottom:0;padding-left:0\">\n<div class=\"wp-block-columns alignwide is-layout-flex wp-container-core-columns-is-layout-21b20327 wp-block-columns-is-layout-flex\">\n<div class=\"wp-block-column is-layout-flow wp-block-column-is-layout-flow\" style=\"flex-basis:33.38%\">\n<p class=\"has-text-color\" style=\"color:#000000;font-size:clamp(14px, 0.875rem + ((1vw - 3.2px) * 0.294), 17px);\">Aizaugu\u0161u plat\u012bbu att\u012br\u012b\u0161ana no kr\u016bmiem un kokiem. Fr\u0113z\u0113\u0161ana. Z\u0101les s\u0113\u0161ana. Gr\u0101vju p\u013cau\u0161ana un atbr\u012bvo\u0161ana no aizaug\u0161anas.<\/p>\n\n\n\n<p class=\"has-text-color\" style=\"color:#000000;font-size:clamp(14px, 0.875rem + ((1vw - 3.2px) * 0.294), 17px);\">M\u016bsu priorit\u0101te ir sakopts \u012bpa\u0161ums, kur par veicamajiem darbiem vienosimies ar zemes \u012bpa\u0161nieku un pietiekami bieza apauguma gad\u012bjum\u0101 ar\u012b piemaks\u0101sim par \u0161\u0137eldojamo materi\u0101lu.<\/p>\n<\/div>\n\n\n\n<div class=\"wp-block-column is-layout-flow wp-block-column-is-layout-flow\" style=\"flex-basis:33%\">\n<div style=\"height:2vw\" aria-hidden=\"true\" class=\"wp-block-spacer\"><\/div>\n\n\n\n<figure class=\"wp-block-image size-large\"><img decoding=\"async\" src=\"https:\/\/s.w.org\/images\/core\/5.8\/outside-01.jpg\" alt=\"The sun setting through a dense forest.\"\/><\/figure>\n<\/div>\n\n\n\n<div class=\"wp-block-column is-layout-flow wp-block-column-is-layout-flow\" style=\"flex-basis:33.62%\"><\/div>\n<\/div>\n\n\n\n<div class=\"wp-block-columns alignwide is-layout-flex wp-container-core-columns-is-layout-c24efe4f wp-block-columns-is-layout-flex\">\n<div class=\"wp-block-column is-layout-flow wp-block-column-is-layout-flow\" style=\"flex-basis:69%\"><\/div>\n\n\n\n<div class=\"wp-block-column is-vertically-aligned-center is-layout-flow wp-block-column-is-layout-flow\" style=\"flex-basis:33%\">\n<div style=\"height:2vw\" aria-hidden=\"true\" class=\"wp-block-spacer\"><\/div>\n\n\n\n<p class=\"has-text-color\" style=\"color:#000000;font-size:clamp(14px, 0.875rem + ((1vw - 3.2px) * 0.294), 17px);\">Sakopts \u012bpa\u0161ums &#8211; m\u016bsu priorit\u0101te!<\/p>\n<\/div>\n<\/div>\n<\/div>\n<\/div>\n","protected":false},"excerpt":{"rendered":"<p>PAVEIKSIM \u012apa\u0161umu sakop\u0161ana. Aizaugu\u0161u plat\u012bbu att\u012br\u012b\u0161ana no kr\u016bmiem un kokiem. Fr\u0113z\u0113\u0161ana. Z\u0101les s\u0113\u0161ana. Gr\u0101vju p\u013cau\u0161ana un atbr\u012bvo\u0161ana no aizaug\u0161anas. M\u016bsu priorit\u0101te ir sakopts \u012bpa\u0161ums, kur par veicamajiem darbiem vienosimies ar zemes \u012bpa\u0161nieku un pietiekami bieza apauguma gad\u012bjum\u0101 ar\u012b piemaks\u0101sim par \u0161\u0137eldojamo materi\u0101lu. Sakopts \u012bpa\u0161ums &#8211; m\u016bsu priorit\u0101te!<\/p>\n","protected":false},"author":1,"featured_media":0,"parent":0,"menu_order":0,"comment_status":"closed","ping_status":"closed","template":"","meta":{"footnotes":""},"class_list":["post-35","page","type-page","status-publish","hentry"],"_links":{"self":[{"href":"https:\/\/jzmezi.lv\/wordpress\/index.php\/wp-json\/wp\/v2\/pages\/35","targetHints":{"allow":["GET"]}}],"collection":[{"href":"https:\/\/jzmezi.lv\/wordpress\/index.php\/wp-json\/wp\/v2\/pages"}],"about":[{"href":"https:\/\/jzmezi.lv\/wordpress\/index.php\/wp-json\/wp\/v2\/types\/page"}],"author":[{"embeddable":true,"href":"https:\/\/jzmezi.lv\/wordpress\/index.php\/wp-json\/wp\/v2\/users\/1"}],"replies":[{"embeddable":true,"href":"https:\/\/jzmezi.lv\/wordpress\/index.php\/wp-json\/wp\/v2\/comments?post=35"}],"version-history":[{"count":8,"href":"https:\/\/jzmezi.lv\/wordpress\/index.php\/wp-json\/wp\/v2\/pages\/35\/revisions"}],"predecessor-version":[{"id":45,"href":"https:\/\/jzmezi.lv\/wordpress\/index.php\/wp-json\/wp\/v2\/pages\/35\/revisions\/45"}],"wp:attachment":[{"href":"https:\/\/jzmezi.lv\/wordpress\/index.php\/wp-json\/wp\/v2\/media?parent=35"}],"curies":[{"name":"wp","href":"https:\/\/api.w.org\/{rel}","templated":true}]}}